{"id":5003,"date":"2019-07-03T22:18:03","date_gmt":"2019-07-03T20:18:03","guid":{"rendered":"http:\/\/littlefeet.ch\/blog\/?page_id=5003"},"modified":"2025-11-21T12:12:41","modified_gmt":"2025-11-21T11:12:41","slug":"anleitungen","status":"publish","type":"page","link":"https:\/\/littlefeet.ch\/blog\/anleitungen\/","title":{"rendered":"Anleitungen"},"content":{"rendered":"\n<p>Auf dieser Seite findest du alle unsere N\u00e4hanleitungen von unserer <a href=\"http:\/\/littlefeet.ch\/blog\/\">Hauptseite<\/a>, zusammengefasst auf einer eigenen Seite. Zuoberst die neusten Beitr\u00e4ge, weiter unten die \u00e4lteren.<\/p>\n\n\n\n<p>Scrolle einfach mal durch oder nutze weiter oben die Suchfunktion.<\/p>\n\n\n\n<figure class=\"wp-block-image size-thumbnail\"><img loading=\"lazy\" decoding=\"async\" width=\"150\" height=\"150\" src=\"https:\/\/littlefeet.ch\/blog\/wp-content\/uploads\/2025\/11\/header-blog_weihnachtsgeschenke2025-150x150.png\" alt=\"\" class=\"wp-image-13780\" srcset=\"https:\/\/littlefeet.ch\/blog\/wp-content\/uploads\/2025\/11\/header-blog_weihnachtsgeschenke2025-150x150.png 150w, https:\/\/littlefeet.ch\/blog\/wp-content\/uploads\/2025\/11\/header-blog_weihnachtsgeschenke2025-261x261.png 261w\" sizes=\"auto, (max-width: 150px) 100vw, 150px\" \/><figcaption class=\"wp-element-caption\"><a href=\"https:\/\/littlefeet.ch\/blog\/weihnachtsgeschenke-2025\/\">Weihnachtsgeschenke 2025 (Ideensammlung)<\/a><\/figcaption><\/figure>\n\n\n\n<figure class=\"wp-block-image size-thumbnail\"><img loading=\"lazy\" decoding=\"async\" width=\"150\" height=\"150\" src=\"https:\/\/littlefeet.ch\/blog\/wp-content\/uploads\/2024\/04\/20231128_165724_cropped-150x150.jpg\" alt=\"\" class=\"wp-image-12899\" srcset=\"https:\/\/littlefeet.ch\/blog\/wp-content\/uploads\/2024\/04\/20231128_165724_cropped-150x150.jpg 150w, https:\/\/littlefeet.ch\/blog\/wp-content\/uploads\/2024\/04\/20231128_165724_cropped-300x300.jpg 300w, https:\/\/littlefeet.ch\/blog\/wp-content\/uploads\/2024\/04\/20231128_165724_cropped-1024x1024.jpg 1024w, https:\/\/littlefeet.ch\/blog\/wp-content\/uploads\/2024\/04\/20231128_165724_cropped-768x768.jpg 768w, https:\/\/littlefeet.ch\/blog\/wp-content\/uploads\/2024\/04\/20231128_165724_cropped-1536x1536.jpg 1536w, https:\/\/littlefeet.ch\/blog\/wp-content\/uploads\/2024\/04\/20231128_165724_cropped-2048x2048.jpg 2048w, https:\/\/littlefeet.ch\/blog\/wp-content\/uploads\/2024\/04\/20231128_165724_cropped-261x261.jpg 261w\" sizes=\"auto, (max-width: 150px) 100vw, 150px\" \/><figcaption class=\"wp-element-caption\"><a href=\"https:\/\/littlefeet.ch\/blog\/naehanleitung-necessaire\/\">Necessaire\/Kulturbeutel<\/a><\/figcaption><\/figure>\n\n\n\n<figure class=\"wp-block-image size-thumbnail\"><img loading=\"lazy\" decoding=\"async\" width=\"150\" height=\"150\" src=\"https:\/\/littlefeet.ch\/blog\/wp-content\/uploads\/2022\/11\/20221025_135635-150x150.jpg\" alt=\"\" class=\"wp-image-10658\" srcset=\"https:\/\/littlefeet.ch\/blog\/wp-content\/uploads\/2022\/11\/20221025_135635-150x150.jpg 150w, https:\/\/littlefeet.ch\/blog\/wp-content\/uploads\/2022\/11\/20221025_135635-261x261.jpg 261w\" sizes=\"auto, (max-width: 150px) 100vw, 150px\" \/><figcaption class=\"wp-element-caption\"><a href=\"https:\/\/littlefeet.ch\/blog\/naehanleitung-beanie\/\" data-type=\"post\" data-id=\"10636\">Beanie<\/a><\/figcaption><\/figure>\n\n\n\n<figure class=\"wp-block-image size-thumbnail\"><img loading=\"lazy\" decoding=\"async\" width=\"150\" height=\"150\" src=\"https:\/\/littlefeet.ch\/blog\/wp-content\/uploads\/2022\/08\/20220810_072042_cropped-150x150.jpg\" alt=\"\" class=\"wp-image-10291\" srcset=\"https:\/\/littlefeet.ch\/blog\/wp-content\/uploads\/2022\/08\/20220810_072042_cropped-150x150.jpg 150w, https:\/\/littlefeet.ch\/blog\/wp-content\/uploads\/2022\/08\/20220810_072042_cropped-300x300.jpg 300w, https:\/\/littlefeet.ch\/blog\/wp-content\/uploads\/2022\/08\/20220810_072042_cropped-1024x1024.jpg 1024w, https:\/\/littlefeet.ch\/blog\/wp-content\/uploads\/2022\/08\/20220810_072042_cropped-768x768.jpg 768w, https:\/\/littlefeet.ch\/blog\/wp-content\/uploads\/2022\/08\/20220810_072042_cropped-1536x1536.jpg 1536w, https:\/\/littlefeet.ch\/blog\/wp-content\/uploads\/2022\/08\/20220810_072042_cropped-2048x2048.jpg 2048w, https:\/\/littlefeet.ch\/blog\/wp-content\/uploads\/2022\/08\/20220810_072042_cropped-261x261.jpg 261w\" sizes=\"auto, (max-width: 150px) 100vw, 150px\" \/><figcaption class=\"wp-element-caption\"><a href=\"https:\/\/littlefeet.ch\/blog\/naehanleitung-kartoffelwaermer\/\" data-type=\"post\" data-id=\"10179\">Kartoffelw\u00e4rmer<\/a><\/figcaption><\/figure>\n\n\n\n<figure class=\"wp-block-image size-thumbnail\"><img loading=\"lazy\" decoding=\"async\" width=\"150\" height=\"150\" src=\"https:\/\/littlefeet.ch\/blog\/wp-content\/uploads\/2022\/06\/20220503_172608_cropped-150x150.jpg\" alt=\"\" class=\"wp-image-10081\" srcset=\"https:\/\/littlefeet.ch\/blog\/wp-content\/uploads\/2022\/06\/20220503_172608_cropped-150x150.jpg 150w, https:\/\/littlefeet.ch\/blog\/wp-content\/uploads\/2022\/06\/20220503_172608_cropped-300x300.jpg 300w, https:\/\/littlefeet.ch\/blog\/wp-content\/uploads\/2022\/06\/20220503_172608_cropped-1024x1024.jpg 1024w, https:\/\/littlefeet.ch\/blog\/wp-content\/uploads\/2022\/06\/20220503_172608_cropped-768x768.jpg 768w, https:\/\/littlefeet.ch\/blog\/wp-content\/uploads\/2022\/06\/20220503_172608_cropped-1536x1536.jpg 1536w, https:\/\/littlefeet.ch\/blog\/wp-content\/uploads\/2022\/06\/20220503_172608_cropped-2048x2048.jpg 2048w, https:\/\/littlefeet.ch\/blog\/wp-content\/uploads\/2022\/06\/20220503_172608_cropped-261x261.jpg 261w\" sizes=\"auto, (max-width: 150px) 100vw, 150px\" \/><figcaption class=\"wp-element-caption\"><a href=\"https:\/\/littlefeet.ch\/blog\/naehanleitung-dreieckstuch-double-gauze-rollsaum\/\" data-type=\"post\" data-id=\"9733\">Dreieckstuch\/Rollsaum<\/a><\/figcaption><\/figure>\n\n\n\n<figure class=\"wp-block-image size-thumbnail\"><img loading=\"lazy\" decoding=\"async\" width=\"150\" height=\"150\" src=\"https:\/\/littlefeet.ch\/blog\/wp-content\/uploads\/2022\/04\/20220324_165415_cropped-150x150.jpg\" alt=\"\" class=\"wp-image-9696\" srcset=\"https:\/\/littlefeet.ch\/blog\/wp-content\/uploads\/2022\/04\/20220324_165415_cropped-150x150.jpg 150w, https:\/\/littlefeet.ch\/blog\/wp-content\/uploads\/2022\/04\/20220324_165415_cropped-300x300.jpg 300w, https:\/\/littlefeet.ch\/blog\/wp-content\/uploads\/2022\/04\/20220324_165415_cropped-1024x1024.jpg 1024w, https:\/\/littlefeet.ch\/blog\/wp-content\/uploads\/2022\/04\/20220324_165415_cropped-768x768.jpg 768w, https:\/\/littlefeet.ch\/blog\/wp-content\/uploads\/2022\/04\/20220324_165415_cropped-1536x1536.jpg 1536w, https:\/\/littlefeet.ch\/blog\/wp-content\/uploads\/2022\/04\/20220324_165415_cropped-2048x2048.jpg 2048w, https:\/\/littlefeet.ch\/blog\/wp-content\/uploads\/2022\/04\/20220324_165415_cropped-261x261.jpg 261w\" sizes=\"auto, (max-width: 150px) 100vw, 150px\" \/><figcaption class=\"wp-element-caption\"><a href=\"https:\/\/littlefeet.ch\/blog\/naehanleitung-glascover\/\" data-type=\"post\" data-id=\"9680\">Glascover<\/a><\/figcaption><\/figure>\n\n\n\n<figure class=\"wp-block-image size-thumbnail\"><img loading=\"lazy\" decoding=\"async\" width=\"150\" height=\"150\" src=\"https:\/\/littlefeet.ch\/blog\/wp-content\/uploads\/2022\/02\/20220222_115149_croped-150x150.jpg\" alt=\"\" class=\"wp-image-9234\" srcset=\"https:\/\/littlefeet.ch\/blog\/wp-content\/uploads\/2022\/02\/20220222_115149_croped-150x150.jpg 150w, https:\/\/littlefeet.ch\/blog\/wp-content\/uploads\/2022\/02\/20220222_115149_croped-300x300.jpg 300w, https:\/\/littlefeet.ch\/blog\/wp-content\/uploads\/2022\/02\/20220222_115149_croped-1024x1024.jpg 1024w, https:\/\/littlefeet.ch\/blog\/wp-content\/uploads\/2022\/02\/20220222_115149_croped-768x768.jpg 768w, https:\/\/littlefeet.ch\/blog\/wp-content\/uploads\/2022\/02\/20220222_115149_croped-1536x1536.jpg 1536w, https:\/\/littlefeet.ch\/blog\/wp-content\/uploads\/2022\/02\/20220222_115149_croped-2048x2048.jpg 2048w, https:\/\/littlefeet.ch\/blog\/wp-content\/uploads\/2022\/02\/20220222_115149_croped-261x261.jpg 261w\" sizes=\"auto, (max-width: 150px) 100vw, 150px\" \/><figcaption class=\"wp-element-caption\"><a href=\"https:\/\/littlefeet.ch\/blog\/tutorial-schluesselanhaenger\/\" data-type=\"post\" data-id=\"9224\">Schl\u00fcsselanh\u00e4nger<\/a><\/figcaption><\/figure>\n\n\n\n<figure class=\"wp-block-image size-thumbnail\"><img loading=\"lazy\" decoding=\"async\" width=\"150\" height=\"150\" src=\"https:\/\/littlefeet.ch\/blog\/wp-content\/uploads\/2021\/12\/WhatsApp-Image-2021-11-23-at-21.13.461-150x150.jpeg\" alt=\"\" class=\"wp-image-8867\" srcset=\"https:\/\/littlefeet.ch\/blog\/wp-content\/uploads\/2021\/12\/WhatsApp-Image-2021-11-23-at-21.13.461-150x150.jpeg 150w, https:\/\/littlefeet.ch\/blog\/wp-content\/uploads\/2021\/12\/WhatsApp-Image-2021-11-23-at-21.13.461-300x300.jpeg 300w, https:\/\/littlefeet.ch\/blog\/wp-content\/uploads\/2021\/12\/WhatsApp-Image-2021-11-23-at-21.13.461-1024x1024.jpeg 1024w, https:\/\/littlefeet.ch\/blog\/wp-content\/uploads\/2021\/12\/WhatsApp-Image-2021-11-23-at-21.13.461-768x768.jpeg 768w, https:\/\/littlefeet.ch\/blog\/wp-content\/uploads\/2021\/12\/WhatsApp-Image-2021-11-23-at-21.13.461-1536x1536.jpeg 1536w, https:\/\/littlefeet.ch\/blog\/wp-content\/uploads\/2021\/12\/WhatsApp-Image-2021-11-23-at-21.13.461.jpeg 2048w, https:\/\/littlefeet.ch\/blog\/wp-content\/uploads\/2021\/12\/WhatsApp-Image-2021-11-23-at-21.13.461-261x261.jpeg 261w\" sizes=\"auto, (max-width: 150px) 100vw, 150px\" \/><figcaption class=\"wp-element-caption\"><a href=\"https:\/\/littlefeet.ch\/blog\/naehanleitung-last-minute-geschenke\/\" data-type=\"post\" data-id=\"8586\">Last Minute Geschenke &#8211; Maskenpanels<\/a><\/figcaption><\/figure>\n\n\n\n<figure class=\"wp-block-image size-thumbnail\"><img loading=\"lazy\" decoding=\"async\" width=\"150\" height=\"150\" src=\"https:\/\/littlefeet.ch\/blog\/wp-content\/uploads\/2021\/11\/Tischset-7-rot-150x150.jpg\" alt=\"\" class=\"wp-image-8733\" srcset=\"https:\/\/littlefeet.ch\/blog\/wp-content\/uploads\/2021\/11\/Tischset-7-rot-150x150.jpg 150w, https:\/\/littlefeet.ch\/blog\/wp-content\/uploads\/2021\/11\/Tischset-7-rot-261x261.jpg 261w\" sizes=\"auto, (max-width: 150px) 100vw, 150px\" \/><figcaption class=\"wp-element-caption\"><a href=\"https:\/\/littlefeet.ch\/blog\/naehanleitung-tischsets\/\" data-type=\"post\" data-id=\"8584\">Tischsets\/Tischl\u00e4ufer<\/a><\/figcaption><\/figure>\n\n\n\n<figure class=\"wp-block-image size-thumbnail\"><img loading=\"lazy\" decoding=\"async\" width=\"150\" height=\"150\" src=\"https:\/\/littlefeet.ch\/blog\/wp-content\/uploads\/2021\/10\/Adventskalender-1-150x150.jpg\" alt=\"\" class=\"wp-image-8677\" srcset=\"https:\/\/littlefeet.ch\/blog\/wp-content\/uploads\/2021\/10\/Adventskalender-1-150x150.jpg 150w, https:\/\/littlefeet.ch\/blog\/wp-content\/uploads\/2021\/10\/Adventskalender-1-261x261.jpg 261w\" sizes=\"auto, (max-width: 150px) 100vw, 150px\" \/><figcaption class=\"wp-element-caption\"><a href=\"https:\/\/littlefeet.ch\/blog\/adventskalenderideen\/\" data-type=\"post\" data-id=\"8588\">Adventskalenderideen<\/a><\/figcaption><\/figure>\n\n\n\n<figure class=\"wp-block-image size-thumbnail\"><img loading=\"lazy\" decoding=\"async\" width=\"150\" height=\"150\" src=\"https:\/\/littlefeet.ch\/blog\/wp-content\/uploads\/2021\/07\/20210614_193524-150x150.jpg\" alt=\"\" class=\"wp-image-8156\" srcset=\"https:\/\/littlefeet.ch\/blog\/wp-content\/uploads\/2021\/07\/20210614_193524-150x150.jpg 150w, https:\/\/littlefeet.ch\/blog\/wp-content\/uploads\/2021\/07\/20210614_193524-300x300.jpg 300w, https:\/\/littlefeet.ch\/blog\/wp-content\/uploads\/2021\/07\/20210614_193524-1024x1024.jpg 1024w, https:\/\/littlefeet.ch\/blog\/wp-content\/uploads\/2021\/07\/20210614_193524-768x768.jpg 768w, https:\/\/littlefeet.ch\/blog\/wp-content\/uploads\/2021\/07\/20210614_193524-1536x1536.jpg 1536w, https:\/\/littlefeet.ch\/blog\/wp-content\/uploads\/2021\/07\/20210614_193524-2048x2048.jpg 2048w, https:\/\/littlefeet.ch\/blog\/wp-content\/uploads\/2021\/07\/20210614_193524-261x261.jpg 261w\" sizes=\"auto, (max-width: 150px) 100vw, 150px\" \/><figcaption class=\"wp-element-caption\"><a href=\"https:\/\/littlefeet.ch\/blog\/naehanleitung-utensilo\/\" data-type=\"post\" data-id=\"8135\">Utensilo<\/a><\/figcaption><\/figure>\n\n\n\n<figure class=\"wp-block-image size-thumbnail\"><img loading=\"lazy\" decoding=\"async\" width=\"150\" height=\"150\" src=\"https:\/\/littlefeet.ch\/blog\/wp-content\/uploads\/2021\/05\/20210510_123259-150x150.jpg\" alt=\"\" class=\"wp-image-7983\" srcset=\"https:\/\/littlefeet.ch\/blog\/wp-content\/uploads\/2021\/05\/20210510_123259-150x150.jpg 150w, https:\/\/littlefeet.ch\/blog\/wp-content\/uploads\/2021\/05\/20210510_123259-300x300.jpg 300w, https:\/\/littlefeet.ch\/blog\/wp-content\/uploads\/2021\/05\/20210510_123259-1024x1024.jpg 1024w, https:\/\/littlefeet.ch\/blog\/wp-content\/uploads\/2021\/05\/20210510_123259-768x768.jpg 768w, https:\/\/littlefeet.ch\/blog\/wp-content\/uploads\/2021\/05\/20210510_123259-1536x1536.jpg 1536w, https:\/\/littlefeet.ch\/blog\/wp-content\/uploads\/2021\/05\/20210510_123259-2048x2048.jpg 2048w, https:\/\/littlefeet.ch\/blog\/wp-content\/uploads\/2021\/05\/20210510_123259-261x261.jpg 261w\" sizes=\"auto, (max-width: 150px) 100vw, 150px\" \/><figcaption class=\"wp-element-caption\"><a href=\"https:\/\/littlefeet.ch\/blog\/naehanleitung-tortillahaube\/\" data-type=\"post\" data-id=\"7958\">Tortillahaube<\/a><\/figcaption><\/figure>\n\n\n\n<figure class=\"wp-block-image size-thumbnail\"><img loading=\"lazy\" decoding=\"async\" width=\"150\" height=\"150\" src=\"https:\/\/littlefeet.ch\/blog\/wp-content\/uploads\/2021\/02\/Bild10-150x150.jpg\" alt=\"\" class=\"wp-image-7606\" srcset=\"https:\/\/littlefeet.ch\/blog\/wp-content\/uploads\/2021\/02\/Bild10-150x150.jpg 150w, https:\/\/littlefeet.ch\/blog\/wp-content\/uploads\/2021\/02\/Bild10-300x300.jpg 300w, https:\/\/littlefeet.ch\/blog\/wp-content\/uploads\/2021\/02\/Bild10-1024x1024.jpg 1024w, https:\/\/littlefeet.ch\/blog\/wp-content\/uploads\/2021\/02\/Bild10-768x768.jpg 768w, https:\/\/littlefeet.ch\/blog\/wp-content\/uploads\/2021\/02\/Bild10-1536x1536.jpg 1536w, https:\/\/littlefeet.ch\/blog\/wp-content\/uploads\/2021\/02\/Bild10-2048x2048.jpg 2048w, https:\/\/littlefeet.ch\/blog\/wp-content\/uploads\/2021\/02\/Bild10-261x261.jpg 261w\" sizes=\"auto, (max-width: 150px) 100vw, 150px\" \/><figcaption class=\"wp-element-caption\"><a href=\"https:\/\/littlefeet.ch\/blog\/naehanleitung-katzenkoerbchen\/\" data-type=\"post\" data-id=\"7595\">Katzenk\u00f6rbchen\/Katzennest<\/a><\/figcaption><\/figure>\n\n\n\n<figure class=\"wp-block-image size-thumbnail\"><img loading=\"lazy\" decoding=\"async\" width=\"150\" height=\"150\" src=\"https:\/\/littlefeet.ch\/blog\/wp-content\/uploads\/2020\/08\/20200805_160115-01-150x150.jpeg\" alt=\"\" class=\"wp-image-6975\" srcset=\"https:\/\/littlefeet.ch\/blog\/wp-content\/uploads\/2020\/08\/20200805_160115-01-150x150.jpeg 150w, https:\/\/littlefeet.ch\/blog\/wp-content\/uploads\/2020\/08\/20200805_160115-01-300x300.jpeg 300w, https:\/\/littlefeet.ch\/blog\/wp-content\/uploads\/2020\/08\/20200805_160115-01-1024x1024.jpeg 1024w, https:\/\/littlefeet.ch\/blog\/wp-content\/uploads\/2020\/08\/20200805_160115-01-768x768.jpeg 768w, https:\/\/littlefeet.ch\/blog\/wp-content\/uploads\/2020\/08\/20200805_160115-01-1536x1536.jpeg 1536w, https:\/\/littlefeet.ch\/blog\/wp-content\/uploads\/2020\/08\/20200805_160115-01-2048x2048.jpeg 2048w, https:\/\/littlefeet.ch\/blog\/wp-content\/uploads\/2020\/08\/20200805_160115-01-261x261.jpeg 261w\" sizes=\"auto, (max-width: 150px) 100vw, 150px\" \/><figcaption class=\"wp-element-caption\"><a href=\"https:\/\/littlefeet.ch\/blog\/nahanleitung-wet-bikini-bag\/\" data-type=\"post\" data-id=\"6936\">Wet Bikini Bag<\/a><\/figcaption><\/figure>\n\n\n\n<figure class=\"wp-block-image\"><img loading=\"lazy\" decoding=\"async\" width=\"150\" height=\"150\" src=\"http:\/\/littlefeet.ch\/blog\/wp-content\/uploads\/2020\/04\/20200424_185243-01-1-150x150.jpeg\" alt=\"\" class=\"wp-image-6595\" srcset=\"https:\/\/littlefeet.ch\/blog\/wp-content\/uploads\/2020\/04\/20200424_185243-01-1-150x150.jpeg 150w, https:\/\/littlefeet.ch\/blog\/wp-content\/uploads\/2020\/04\/20200424_185243-01-1-300x300.jpeg 300w, https:\/\/littlefeet.ch\/blog\/wp-content\/uploads\/2020\/04\/20200424_185243-01-1-768x768.jpeg 768w, https:\/\/littlefeet.ch\/blog\/wp-content\/uploads\/2020\/04\/20200424_185243-01-1-1024x1024.jpeg 1024w, https:\/\/littlefeet.ch\/blog\/wp-content\/uploads\/2020\/04\/20200424_185243-01-1-261x261.jpeg 261w\" sizes=\"auto, (max-width: 150px) 100vw, 150px\" \/><figcaption class=\"wp-element-caption\"><a href=\"http:\/\/littlefeet.ch\/blog\/naehanleitung-laptophuelle\/\">Laptoph\u00fclle<\/a><\/figcaption><\/figure>\n\n\n\n<figure class=\"wp-block-image\"><img loading=\"lazy\" decoding=\"async\" width=\"150\" height=\"150\" src=\"http:\/\/littlefeet.ch\/blog\/wp-content\/uploads\/2020\/03\/20200312_155538-150x150.jpg\" alt=\"\" class=\"wp-image-6393\" srcset=\"https:\/\/littlefeet.ch\/blog\/wp-content\/uploads\/2020\/03\/20200312_155538-150x150.jpg 150w, https:\/\/littlefeet.ch\/blog\/wp-content\/uploads\/2020\/03\/20200312_155538-1014x1024.jpg 1014w, https:\/\/littlefeet.ch\/blog\/wp-content\/uploads\/2020\/03\/20200312_155538-261x261.jpg 261w\" sizes=\"auto, (max-width: 150px) 100vw, 150px\" \/><figcaption class=\"wp-element-caption\"><a href=\"http:\/\/littlefeet.ch\/blog\/tutorial-ostereiermuetze\/\">Ostereierm\u00fctze<\/a><\/figcaption><\/figure>\n\n\n\n<figure class=\"wp-block-image\"><img loading=\"lazy\" decoding=\"async\" width=\"150\" height=\"150\" src=\"http:\/\/littlefeet.ch\/blog\/wp-content\/uploads\/2020\/01\/Danke-150x150.jpg\" alt=\"\" class=\"wp-image-6230\" srcset=\"https:\/\/littlefeet.ch\/blog\/wp-content\/uploads\/2020\/01\/Danke-150x150.jpg 150w, https:\/\/littlefeet.ch\/blog\/wp-content\/uploads\/2020\/01\/Danke-261x261.jpg 261w\" sizes=\"auto, (max-width: 150px) 100vw, 150px\" \/><figcaption class=\"wp-element-caption\"><a href=\"http:\/\/littlefeet.ch\/blog\/nahanleitung-danke\/\">N\u00e4hanleitung Dankeb\u00f6xli<\/a><\/figcaption><\/figure>\n\n\n\n<p><\/p>\n\n\n\n<figure class=\"wp-block-image\"><img loading=\"lazy\" decoding=\"async\" width=\"150\" height=\"150\" src=\"http:\/\/littlefeet.ch\/blog\/wp-content\/uploads\/2019\/11\/20191121_132556-01-150x150.jpeg\" alt=\"\" class=\"wp-image-5995\" srcset=\"https:\/\/littlefeet.ch\/blog\/wp-content\/uploads\/2019\/11\/20191121_132556-01-150x150.jpeg 150w, https:\/\/littlefeet.ch\/blog\/wp-content\/uploads\/2019\/11\/20191121_132556-01-300x300.jpeg 300w, https:\/\/littlefeet.ch\/blog\/wp-content\/uploads\/2019\/11\/20191121_132556-01-768x768.jpeg 768w, https:\/\/littlefeet.ch\/blog\/wp-content\/uploads\/2019\/11\/20191121_132556-01-1024x1024.jpeg 1024w, https:\/\/littlefeet.ch\/blog\/wp-content\/uploads\/2019\/11\/20191121_132556-01-261x261.jpeg 261w\" sizes=\"auto, (max-width: 150px) 100vw, 150px\" \/><figcaption class=\"wp-element-caption\"><a href=\"http:\/\/littlefeet.ch\/blog\/tutorial-bienenwachstuecher\/\">Bienenwachst\u00fccher<\/a><\/figcaption><\/figure>\n\n\n\n<figure class=\"wp-block-image\"><img loading=\"lazy\" decoding=\"async\" width=\"150\" height=\"150\" src=\"http:\/\/littlefeet.ch\/blog\/wp-content\/uploads\/2019\/10\/blog-150x150.jpg\" alt=\"\" class=\"wp-image-5839\" srcset=\"https:\/\/littlefeet.ch\/blog\/wp-content\/uploads\/2019\/10\/blog-150x150.jpg 150w, https:\/\/littlefeet.ch\/blog\/wp-content\/uploads\/2019\/10\/blog-300x300.jpg 300w, https:\/\/littlefeet.ch\/blog\/wp-content\/uploads\/2019\/10\/blog-768x768.jpg 768w, https:\/\/littlefeet.ch\/blog\/wp-content\/uploads\/2019\/10\/blog-1024x1024.jpg 1024w, https:\/\/littlefeet.ch\/blog\/wp-content\/uploads\/2019\/10\/blog-261x261.jpg 261w, https:\/\/littlefeet.ch\/blog\/wp-content\/uploads\/2019\/10\/blog.jpg 1672w\" sizes=\"auto, (max-width: 150px) 100vw, 150px\" \/><figcaption class=\"wp-element-caption\"><a href=\"http:\/\/littlefeet.ch\/blog\/anleitung-schluesselanhaenger\/\">Schl\u00fcsselanh\u00e4nger<\/a><\/figcaption><\/figure>\n\n\n\n<figure class=\"wp-block-image\"><img loading=\"lazy\" decoding=\"async\" width=\"150\" height=\"150\" src=\"http:\/\/littlefeet.ch\/blog\/wp-content\/uploads\/2019\/10\/20191001_144322_cr-150x150.jpg\" alt=\"\" class=\"wp-image-5554\" srcset=\"https:\/\/littlefeet.ch\/blog\/wp-content\/uploads\/2019\/10\/20191001_144322_cr-150x150.jpg 150w, https:\/\/littlefeet.ch\/blog\/wp-content\/uploads\/2019\/10\/20191001_144322_cr-261x261.jpg 261w\" sizes=\"auto, (max-width: 150px) 100vw, 150px\" \/><figcaption class=\"wp-element-caption\"><a href=\"http:\/\/littlefeet.ch\/blog\/anleitung-kuerbisdeko\/\">K\u00fcrbisdeko<\/a><\/figcaption><\/figure>\n\n\n\n<figure class=\"wp-block-image\"><img loading=\"lazy\" decoding=\"async\" width=\"150\" height=\"150\" src=\"http:\/\/littlefeet.ch\/blog\/wp-content\/uploads\/2019\/09\/20190919_144843-150x150.jpg\" alt=\"\" class=\"wp-image-5347\" srcset=\"https:\/\/littlefeet.ch\/blog\/wp-content\/uploads\/2019\/09\/20190919_144843-150x150.jpg 150w, https:\/\/littlefeet.ch\/blog\/wp-content\/uploads\/2019\/09\/20190919_144843-261x261.jpg 261w\" sizes=\"auto, (max-width: 150px) 100vw, 150px\" \/><figcaption class=\"wp-element-caption\"><a href=\"http:\/\/littlefeet.ch\/blog\/anleitung-30-minuten-brotchoerbli\/\">Brotch\u00f6rbli n\u00e4hen<\/a><\/figcaption><\/figure>\n\n\n\n<figure class=\"wp-block-image\"><img loading=\"lazy\" decoding=\"async\" width=\"150\" height=\"150\" src=\"http:\/\/littlefeet.ch\/blog\/wp-content\/uploads\/2019\/08\/tictactoe2-150x150.jpeg\" alt=\"\" class=\"wp-image-5122\" srcset=\"https:\/\/littlefeet.ch\/blog\/wp-content\/uploads\/2019\/08\/tictactoe2-150x150.jpeg 150w, https:\/\/littlefeet.ch\/blog\/wp-content\/uploads\/2019\/08\/tictactoe2-261x261.jpeg 261w\" sizes=\"auto, (max-width: 150px) 100vw, 150px\" \/><figcaption class=\"wp-element-caption\"><a href=\"http:\/\/littlefeet.ch\/blog\/anleitung-tictactoe\/\"> Tictactoe <\/a><\/figcaption><\/figure>\n\n\n\n<figure class=\"wp-block-image\"><img loading=\"lazy\" decoding=\"async\" width=\"150\" height=\"150\" src=\"http:\/\/littlefeet.ch\/blog\/wp-content\/uploads\/2019\/08\/20190808_083203-150x150.jpg\" alt=\"\" class=\"wp-image-5081\" srcset=\"https:\/\/littlefeet.ch\/blog\/wp-content\/uploads\/2019\/08\/20190808_083203-150x150.jpg 150w, https:\/\/littlefeet.ch\/blog\/wp-content\/uploads\/2019\/08\/20190808_083203-300x300.jpg 300w, https:\/\/littlefeet.ch\/blog\/wp-content\/uploads\/2019\/08\/20190808_083203-768x768.jpg 768w, https:\/\/littlefeet.ch\/blog\/wp-content\/uploads\/2019\/08\/20190808_083203-1024x1024.jpg 1024w, https:\/\/littlefeet.ch\/blog\/wp-content\/uploads\/2019\/08\/20190808_083203-261x261.jpg 261w\" sizes=\"auto, (max-width: 150px) 100vw, 150px\" \/><figcaption class=\"wp-element-caption\"><a href=\"http:\/\/littlefeet.ch\/blog\/tutorial-babygeschenk\/\">schnelles Babygeschenk<\/a><\/figcaption><\/figure>\n\n\n\n<figure class=\"wp-block-image\"><img loading=\"lazy\" decoding=\"async\" width=\"150\" height=\"150\" src=\"http:\/\/littlefeet.ch\/blog\/wp-content\/uploads\/2019\/07\/header-1-150x150.png\" alt=\"\" class=\"wp-image-5038\" srcset=\"https:\/\/littlefeet.ch\/blog\/wp-content\/uploads\/2019\/07\/header-1-150x150.png 150w, https:\/\/littlefeet.ch\/blog\/wp-content\/uploads\/2019\/07\/header-1-261x261.png 261w\" sizes=\"auto, (max-width: 150px) 100vw, 150px\" \/><figcaption class=\"wp-element-caption\"><a href=\"http:\/\/littlefeet.ch\/blog\/tutorial-oesen-montieren\/\">\u00d6sen montieren<\/a><\/figcaption><\/figure>\n\n\n\n<figure class=\"wp-block-image\"><img loading=\"lazy\" decoding=\"async\" width=\"150\" height=\"150\" src=\"http:\/\/littlefeet.ch\/blog\/wp-content\/uploads\/2019\/07\/strandbag_cr-150x150.jpg\" alt=\"\" class=\"wp-image-5021\" srcset=\"https:\/\/littlefeet.ch\/blog\/wp-content\/uploads\/2019\/07\/strandbag_cr-150x150.jpg 150w, https:\/\/littlefeet.ch\/blog\/wp-content\/uploads\/2019\/07\/strandbag_cr-261x261.jpg 261w\" sizes=\"auto, (max-width: 150px) 100vw, 150px\" \/><figcaption class=\"wp-element-caption\"><a href=\"http:\/\/littlefeet.ch\/blog\/strandbag\/\">Strandbag<\/a><\/figcaption><\/figure>\n","protected":false},"excerpt":{"rendered":"<p>Auf dieser Seite findest du alle unsere N\u00e4hanleitungen von unserer Hauptseite, zusammengefasst auf einer eigenen Seite. Zuoberst die neusten Beitr\u00e4ge, weiter unten die \u00e4lteren. Scrolle einfach mal durch oder nutze weiter oben die Suchfunktion.<\/p>\n","protected":false},"author":1,"featured_media":0,"parent":0,"menu_order":0,"comment_status":"closed","ping_status":"closed","template":"","meta":{"_acf_changed":false,"footnotes":""},"class_list":["post-5003","page","type-page","status-publish","hentry"],"acf":[],"_links":{"self":[{"href":"https:\/\/littlefeet.ch\/blog\/wp-json\/wp\/v2\/pages\/5003","targetHints":{"allow":["GET"]}}],"collection":[{"href":"https:\/\/littlefeet.ch\/blog\/wp-json\/wp\/v2\/pages"}],"about":[{"href":"https:\/\/littlefeet.ch\/blog\/wp-json\/wp\/v2\/types\/page"}],"author":[{"embeddable":true,"href":"https:\/\/littlefeet.ch\/blog\/wp-json\/wp\/v2\/users\/1"}],"replies":[{"embeddable":true,"href":"https:\/\/littlefeet.ch\/blog\/wp-json\/wp\/v2\/comments?post=5003"}],"version-history":[{"count":31,"href":"https:\/\/littlefeet.ch\/blog\/wp-json\/wp\/v2\/pages\/5003\/revisions"}],"predecessor-version":[{"id":13788,"href":"https:\/\/littlefeet.ch\/blog\/wp-json\/wp\/v2\/pages\/5003\/revisions\/13788"}],"wp:attachment":[{"href":"https:\/\/littlefeet.ch\/blog\/wp-json\/wp\/v2\/media?parent=5003"}],"curies":[{"name":"wp","href":"https:\/\/api.w.org\/{rel}","templated":true}]}}